{"id":2900,"date":"2023-03-17T20:25:36","date_gmt":"2023-03-17T20:25:36","guid":{"rendered":"https:\/\/clustermusic.be\/coaching-2\/"},"modified":"2024-01-22T15:05:50","modified_gmt":"2024-01-22T14:05:50","slug":"residenties","status":"publish","type":"page","link":"https:\/\/clustermusic.be\/nl\/residenties\/","title":{"rendered":"Residenties"},"content":{"rendered":"\t\t<div data-elementor-type=\"wp-page\" data-elementor-id=\"2900\" class=\"elementor elementor-2900\" data-elementor-post-type=\"page\">\n\t\t\t\t\t\t<section class=\"elementor-section elementor-top-section elementor-element elementor-element-3bfdd3e elementor-section-height-min-height elementor-section-boxed elementor-section-height-default elementor-section-items-middle\" data-id=\"3bfdd3e\" data-element_type=\"section\" data-settings=\"{&quot;background_background&quot;:&quot;slideshow&quot;,&quot;background_slideshow_gallery&quot;:[{&quot;id&quot;:792,&quot;url&quot;:&quot;http:\\\/\\\/clustermusic.be\\\/wp-content\\\/uploads\\\/2023\\\/03\\\/264799280_fa012eb580_b.jpg&quot;},{&quot;id&quot;:888,&quot;url&quot;:&quot;http:\\\/\\\/clustermusic.be\\\/wp-content\\\/uploads\\\/2023\\\/03\\\/pexels-photo-210804-1.webp&quot;},{&quot;id&quot;:793,&quot;url&quot;:&quot;http:\\\/\\\/clustermusic.be\\\/wp-content\\\/uploads\\\/2023\\\/03\\\/pexels-photo-210764.webp&quot;}],&quot;background_slideshow_ken_burns&quot;:&quot;yes&quot;,&quot;background_slideshow_ken_burns_zoom_direction&quot;:&quot;out&quot;,&quot;background_slideshow_loop&quot;:&quot;yes&quot;,&quot;background_slideshow_slide_duration&quot;:5000,&quot;background_slideshow_slide_transition&quot;:&quot;fade&quot;,&quot;background_slideshow_transition_duration&quot;:500}\">\n\t\t\t\t\t\t\t<div class=\"elementor-background-overlay\"><\/div>\n\t\t\t\t\t\t\t<div class=\"elementor-container elementor-column-gap-default\">\n\t\t\t\t\t<div class=\"elementor-column elementor-col-50 elementor-top-column elementor-element elementor-element-a925586\" data-id=\"a925586\" data-element_type=\"column\">\n\t\t\t<div class=\"elementor-widget-wrap elementor-element-populated\">\n\t\t\t\t\t\t<div class=\"elementor-element elementor-element-f047045 jet-breadcrumbs-align-left elementor-widget elementor-widget-jet-breadcrumbs\" data-id=\"f047045\" data-element_type=\"widget\" data-widget_type=\"jet-breadcrumbs.default\">\n\t\t\t\t<div class=\"elementor-widget-container\">\n\t\t\t\t\t<div class=\"elementor-jet-breadcrumbs jet-blocks\">\n\t\t<div class=\"jet-breadcrumbs\">\n\t\t<div class=\"jet-breadcrumbs__content\">\n\t\t<div class=\"jet-breadcrumbs__wrap\"><div class=\"jet-breadcrumbs__item\"><a href=\"https:\/\/clustermusic.be\/nl\/\" class=\"jet-breadcrumbs__item-link is-home\" rel=\"home\" title=\"Home\">Home<\/a><\/div>\n\t\t<\/div>\n\t\t<\/div>\n\t\t<\/div><\/div>\t\t\t\t<\/div>\n\t\t\t\t<\/div>\n\t\t\t\t<div class=\"elementor-element elementor-element-5e8fe74 elementor-headline--style-highlight elementor-widget elementor-widget-animated-headline\" data-id=\"5e8fe74\" data-element_type=\"widget\" data-settings=\"{&quot;marker&quot;:&quot;underline&quot;,&quot;highlighted_text&quot;:&quot;Residenties&quot;,&quot;headline_style&quot;:&quot;highlight&quot;,&quot;loop&quot;:&quot;yes&quot;,&quot;highlight_animation_duration&quot;:1200,&quot;highlight_iteration_delay&quot;:8000}\" data-widget_type=\"animated-headline.default\">\n\t\t\t\t<div class=\"elementor-widget-container\">\n\t\t\t\t\t\t\t<h1 class=\"elementor-headline\">\n\t\t\t\t\t<span class=\"elementor-headline-plain-text elementor-headline-text-wrapper\">Cluster<\/span>\n\t\t\t\t<span class=\"elementor-headline-dynamic-wrapper elementor-headline-text-wrapper\">\n\t\t\t\t\t<span class=\"elementor-headline-dynamic-text elementor-headline-text-active\">Residenties<\/span>\n\t\t\t\t<\/span>\n\t\t\t\t<\/h1>\n\t\t\t\t\t\t<\/div>\n\t\t\t\t<\/div>\n\t\t\t\t<div class=\"elementor-element elementor-element-e98cdfc elementor-widget elementor-widget-heading\" data-id=\"e98cdfc\" data-element_type=\"widget\" data-widget_type=\"heading.default\">\n\t\t\t\t<div class=\"elementor-widget-container\">\n\t\t\t\t\t<p class=\"elementor-heading-title elementor-size-default\">Verken boeiende samenwerkingen tussen muzikanten, kunstenaars en ontwerpers. Ervaar unieke creaties die grenzen verleggen en zintuigen prikkelen in onze inspirerende residenties.\n\n\n\n\n<\/p>\t\t\t\t<\/div>\n\t\t\t\t<\/div>\n\t\t\t\t<div class=\"elementor-element elementor-element-5c5caca elementor-align-left elementor-widget elementor-widget-button\" data-id=\"5c5caca\" data-element_type=\"widget\" data-widget_type=\"button.default\">\n\t\t\t\t<div class=\"elementor-widget-container\">\n\t\t\t\t\t\t\t\t\t<div class=\"elementor-button-wrapper\">\n\t\t\t\t\t<a class=\"elementor-button elementor-button-link elementor-size-sm\" href=\"\/contact\/\">\n\t\t\t\t\t\t<span class=\"elementor-button-content-wrapper\">\n\t\t\t\t\t\t\t\t\t<span class=\"elementor-button-text\">CONTACTEER ONS<\/span>\n\t\t\t\t\t<\/span>\n\t\t\t\t\t<\/a>\n\t\t\t\t<\/div>\n\t\t\t\t\t\t\t\t<\/div>\n\t\t\t\t<\/div>\n\t\t\t\t\t<\/div>\n\t\t<\/div>\n\t\t\t\t<div class=\"elementor-column elementor-col-50 elementor-top-column elementor-element elementor-element-a76a5a7\" data-id=\"a76a5a7\" data-element_type=\"column\">\n\t\t\t<div class=\"elementor-widget-wrap\">\n\t\t\t\t\t\t\t<\/div>\n\t\t<\/div>\n\t\t\t\t\t<\/div>\n\t\t<\/section>\n\t\t\t\t<section class=\"elementor-section elementor-top-section elementor-element elementor-element-f70ef5b elementor-section-boxed elementor-section-height-default elementor-section-height-default\" data-id=\"f70ef5b\" data-element_type=\"section\">\n\t\t\t\t\t\t<div class=\"elementor-container elementor-column-gap-default\">\n\t\t\t\t\t<div class=\"elementor-column elementor-col-100 elementor-top-column elementor-element elementor-element-6347b7e\" data-id=\"6347b7e\" data-element_type=\"column\">\n\t\t\t<div class=\"elementor-widget-wrap elementor-element-populated\">\n\t\t\t\t\t\t<div class=\"elementor-element elementor-element-d0df0ed elementor-widget elementor-widget-heading\" data-id=\"d0df0ed\" data-element_type=\"widget\" data-widget_type=\"heading.default\">\n\t\t\t\t<div class=\"elementor-widget-container\">\n\t\t\t\t\t<h2 class=\"elementor-heading-title elementor-size-default\">Verken Creatieve Dieptes: Ontdek Onze Artistieke Residenties\n\n<\/h2>\t\t\t\t<\/div>\n\t\t\t\t<\/div>\n\t\t\t\t<div class=\"elementor-element elementor-element-892cb29 elementor-widget elementor-widget-heading\" data-id=\"892cb29\" data-element_type=\"widget\" data-widget_type=\"heading.default\">\n\t\t\t\t<div class=\"elementor-widget-container\">\n\t\t\t\t\t<p class=\"elementor-heading-title elementor-size-default\">Nieuwe muziek, aparte stijlvormen, de kennismaking en kruisbestuiving met andere muzikale tradities: dit vraagt veel tijd en ruimte van artiesten, en wordt vaak onderschat. Cluster gaat de samenwerking aan met externe partners, en ondersteunt muzikanten door het aanbieden van repetitie- en experimenteerruimte.  <\/p>\t\t\t\t<\/div>\n\t\t\t\t<\/div>\n\t\t\t\t\t<\/div>\n\t\t<\/div>\n\t\t\t\t\t<\/div>\n\t\t<\/section>\n\t\t\t\t<section class=\"elementor-section elementor-top-section elementor-element elementor-element-cacc2c4 elementor-section-height-min-height elementor-section-items-top elementor-section-boxed elementor-section-height-default\" data-id=\"cacc2c4\" data-element_type=\"section\">\n\t\t\t\t\t\t<div class=\"elementor-container elementor-column-gap-default\">\n\t\t\t\t\t<div class=\"elementor-column elementor-col-33 elementor-top-column elementor-element elementor-element-57195d0\" data-id=\"57195d0\" data-element_type=\"column\">\n\t\t\t<div class=\"elementor-widget-wrap elementor-element-populated\">\n\t\t\t\t\t\t<div class=\"elementor-element elementor-element-60de42f elementor-widget elementor-widget-heading\" data-id=\"60de42f\" data-element_type=\"widget\" data-widget_type=\"heading.default\">\n\t\t\t\t<div class=\"elementor-widget-container\">\n\t\t\t\t\t<p class=\"elementor-heading-title elementor-size-default\">\n\n<\/p>\t\t\t\t<\/div>\n\t\t\t\t<\/div>\n\t\t\t\t\t<\/div>\n\t\t<\/div>\n\t\t\t\t<div class=\"elementor-column elementor-col-33 elementor-top-column elementor-element elementor-element-a17391e\" data-id=\"a17391e\" data-element_type=\"column\">\n\t\t\t<div class=\"elementor-widget-wrap elementor-element-populated\">\n\t\t\t\t\t\t<div class=\"elementor-element elementor-element-76e96ee elementor-widget elementor-widget-image\" data-id=\"76e96ee\" data-element_type=\"widget\" data-widget_type=\"image.default\">\n\t\t\t\t<div class=\"elementor-widget-container\">\n\t\t\t\t\t\t\t\t\t\t\t\t\t\t\t<img fetchpriority=\"high\" decoding=\"async\" width=\"1920\" height=\"1080\" src=\"https:\/\/clustermusic.be\/wp-content\/uploads\/2023\/05\/Artboard-3.png\" class=\"attachment-full size-full wp-image-2447\" alt=\"\" srcset=\"https:\/\/clustermusic.be\/wp-content\/uploads\/2023\/05\/Artboard-3.png 1920w, https:\/\/clustermusic.be\/wp-content\/uploads\/2023\/05\/Artboard-3-300x169.png 300w, https:\/\/clustermusic.be\/wp-content\/uploads\/2023\/05\/Artboard-3-1024x576.png 1024w, https:\/\/clustermusic.be\/wp-content\/uploads\/2023\/05\/Artboard-3-768x432.png 768w, https:\/\/clustermusic.be\/wp-content\/uploads\/2023\/05\/Artboard-3-1536x864.png 1536w, https:\/\/clustermusic.be\/wp-content\/uploads\/2023\/05\/Artboard-3-18x10.png 18w\" sizes=\"(max-width: 1920px) 100vw, 1920px\" \/>\t\t\t\t\t\t\t\t\t\t\t\t\t\t\t<\/div>\n\t\t\t\t<\/div>\n\t\t\t\t\t<\/div>\n\t\t<\/div>\n\t\t\t\t<div class=\"elementor-column elementor-col-33 elementor-top-column elementor-element elementor-element-545ba5a\" data-id=\"545ba5a\" data-element_type=\"column\">\n\t\t\t<div class=\"elementor-widget-wrap elementor-element-populated\">\n\t\t\t\t\t\t\t<\/div>\n\t\t<\/div>\n\t\t\t\t\t<\/div>\n\t\t<\/section>\n\t\t\t\t<section class=\"elementor-section elementor-top-section elementor-element elementor-element-e0abe64 elementor-section-boxed elementor-section-height-default elementor-section-height-default\" data-id=\"e0abe64\" data-element_type=\"section\">\n\t\t\t\t\t\t<div class=\"elementor-container elementor-column-gap-default\">\n\t\t\t\t\t<div class=\"elementor-column elementor-col-66 elementor-top-column elementor-element elementor-element-a714a33\" data-id=\"a714a33\" data-element_type=\"column\">\n\t\t\t<div class=\"elementor-widget-wrap elementor-element-populated\">\n\t\t\t\t\t\t<div class=\"elementor-element elementor-element-9e18ad5 elementor-widget elementor-widget-text-editor\" data-id=\"9e18ad5\" data-element_type=\"widget\" data-widget_type=\"text-editor.default\">\n\t\t\t\t<div class=\"elementor-widget-container\">\n\t\t\t\t\t\t\t\t\t<h2><b>Residenties<\/b><\/h2><p><i><b>Rumi<\/b><span style=\"font-weight: 400;\">\u2019s passion in De Centrale zomer 2023 en Handelsbeurs 18 tot 22 september 2023.<\/span><\/i><\/p><p><span style=\"font-weight: 400;\">Al 750 jaar blijven de geschriften van de Perzische dichter en soefi-mysticus Jalal ad-Din Rumi nazinderen. Een gloednieuw ensemble onder leiding van Osama Abdulrasol grijpt Rumi\u2019s levenswandel en zijn bijzondere band met de derwisj Shams-e Tabrizi aan voor een allesomvattend schouwspel, compleet met een uniek decor, creatie van muziek en choreografie, wervelende dans en po\u00ebzie.<\/span><\/p>\t\t\t\t\t\t\t\t<\/div>\n\t\t\t\t<\/div>\n\t\t\t\t\t<\/div>\n\t\t<\/div>\n\t\t\t\t<div class=\"elementor-column elementor-col-33 elementor-top-column elementor-element elementor-element-8b9e472\" data-id=\"8b9e472\" data-element_type=\"column\">\n\t\t\t<div class=\"elementor-widget-wrap elementor-element-populated\">\n\t\t\t\t\t\t<div class=\"elementor-element elementor-element-07ef976 elementor-widget elementor-widget-image\" data-id=\"07ef976\" data-element_type=\"widget\" data-widget_type=\"image.default\">\n\t\t\t\t<div class=\"elementor-widget-container\">\n\t\t\t\t\t\t\t\t\t\t\t\t\t\t\t<img decoding=\"async\" width=\"2500\" height=\"1600\" src=\"https:\/\/clustermusic.be\/wp-content\/uploads\/2023\/03\/new-flemisch-masters_optimized.jpg\" class=\"attachment-full size-full wp-image-3996\" alt=\"\" srcset=\"https:\/\/clustermusic.be\/wp-content\/uploads\/2023\/03\/new-flemisch-masters_optimized.jpg 2500w, https:\/\/clustermusic.be\/wp-content\/uploads\/2023\/03\/new-flemisch-masters_optimized-300x192.jpg 300w, https:\/\/clustermusic.be\/wp-content\/uploads\/2023\/03\/new-flemisch-masters_optimized-1024x655.jpg 1024w, https:\/\/clustermusic.be\/wp-content\/uploads\/2023\/03\/new-flemisch-masters_optimized-768x492.jpg 768w, https:\/\/clustermusic.be\/wp-content\/uploads\/2023\/03\/new-flemisch-masters_optimized-1536x983.jpg 1536w, https:\/\/clustermusic.be\/wp-content\/uploads\/2023\/03\/new-flemisch-masters_optimized-2048x1311.jpg 2048w, https:\/\/clustermusic.be\/wp-content\/uploads\/2023\/03\/new-flemisch-masters_optimized-18x12.jpg 18w\" sizes=\"(max-width: 2500px) 100vw, 2500px\" \/>\t\t\t\t\t\t\t\t\t\t\t\t\t\t\t<\/div>\n\t\t\t\t<\/div>\n\t\t\t\t\t<\/div>\n\t\t<\/div>\n\t\t\t\t\t<\/div>\n\t\t<\/section>\n\t\t\t\t<section class=\"elementor-section elementor-top-section elementor-element elementor-element-ed4028a elementor-section-boxed elementor-section-height-default elementor-section-height-default\" data-id=\"ed4028a\" data-element_type=\"section\">\n\t\t\t\t\t\t<div class=\"elementor-container elementor-column-gap-default\">\n\t\t\t\t\t<div class=\"elementor-column elementor-col-33 elementor-top-column elementor-element elementor-element-2f6ff4d\" data-id=\"2f6ff4d\" data-element_type=\"column\">\n\t\t\t<div class=\"elementor-widget-wrap elementor-element-populated\">\n\t\t\t\t\t\t<div class=\"elementor-element elementor-element-be05d83 elementor-widget elementor-widget-image\" data-id=\"be05d83\" data-element_type=\"widget\" data-widget_type=\"image.default\">\n\t\t\t\t<div class=\"elementor-widget-container\">\n\t\t\t\t\t\t\t\t\t\t\t\t\t\t\t<img decoding=\"async\" width=\"1600\" height=\"1000\" src=\"https:\/\/clustermusic.be\/wp-content\/uploads\/2023\/08\/web-sara-salverius-def-9946094_optimized-1.jpg\" class=\"attachment-full size-full wp-image-4208\" alt=\"\" srcset=\"https:\/\/clustermusic.be\/wp-content\/uploads\/2023\/08\/web-sara-salverius-def-9946094_optimized-1.jpg 1600w, https:\/\/clustermusic.be\/wp-content\/uploads\/2023\/08\/web-sara-salverius-def-9946094_optimized-1-300x188.jpg 300w, https:\/\/clustermusic.be\/wp-content\/uploads\/2023\/08\/web-sara-salverius-def-9946094_optimized-1-1024x640.jpg 1024w, https:\/\/clustermusic.be\/wp-content\/uploads\/2023\/08\/web-sara-salverius-def-9946094_optimized-1-768x480.jpg 768w, https:\/\/clustermusic.be\/wp-content\/uploads\/2023\/08\/web-sara-salverius-def-9946094_optimized-1-1536x960.jpg 1536w, https:\/\/clustermusic.be\/wp-content\/uploads\/2023\/08\/web-sara-salverius-def-9946094_optimized-1-18x12.jpg 18w\" sizes=\"(max-width: 1600px) 100vw, 1600px\" \/>\t\t\t\t\t\t\t\t\t\t\t\t\t\t\t<\/div>\n\t\t\t\t<\/div>\n\t\t\t\t\t<\/div>\n\t\t<\/div>\n\t\t\t\t<div class=\"elementor-column elementor-col-66 elementor-top-column elementor-element elementor-element-d966fe0\" data-id=\"d966fe0\" data-element_type=\"column\">\n\t\t\t<div class=\"elementor-widget-wrap elementor-element-populated\">\n\t\t\t\t\t\t<div class=\"elementor-element elementor-element-2094fb6 elementor-widget elementor-widget-text-editor\" data-id=\"2094fb6\" data-element_type=\"widget\" data-widget_type=\"text-editor.default\">\n\t\t\t\t<div class=\"elementor-widget-container\">\n\t\t\t\t\t\t\t\t\t<p><i style=\"color: var( --e-global-color-7bcb287 ); background-color: var(--ast-global-color-5); text-decoration-line: initial;\"><b>Sara <\/b><\/i><i style=\"font-weight: inherit; color: var( --e-global-color-7bcb287 ); background-color: var(--ast-global-color-5); text-decoration-line: initial;\">Salverius in Muziekcentrum Dranouter oktober 2023 en in Merode (Wesp vzw) november 2023. In het project \u2018Pendulum\u2019 gaat Sara Salverius de samenwerking aan met het Sun*Sun*Sun strijkkwartet. Vioolbouwer Pieter Goossens snijdt hun instrumenten letterlijk uit hetzelfde hout. Pendulum draait om verbinding en probeert de onvoorspelbaarheid van het leven muzikaal te vatten.<\/i><\/p>\t\t\t\t\t\t\t\t<\/div>\n\t\t\t\t<\/div>\n\t\t\t\t\t<\/div>\n\t\t<\/div>\n\t\t\t\t\t<\/div>\n\t\t<\/section>\n\t\t\t\t<section class=\"elementor-section elementor-top-section elementor-element elementor-element-4d551d9 elementor-section-boxed elementor-section-height-default elementor-section-height-default\" data-id=\"4d551d9\" data-element_type=\"section\">\n\t\t\t\t\t\t<div class=\"elementor-container elementor-column-gap-default\">\n\t\t\t\t\t<div class=\"elementor-column elementor-col-66 elementor-top-column elementor-element elementor-element-03cad23\" data-id=\"03cad23\" data-element_type=\"column\">\n\t\t\t<div class=\"elementor-widget-wrap elementor-element-populated\">\n\t\t\t\t\t\t<div class=\"elementor-element elementor-element-7e0d74a elementor-widget elementor-widget-text-editor\" data-id=\"7e0d74a\" data-element_type=\"widget\" data-widget_type=\"text-editor.default\">\n\t\t\t\t<div class=\"elementor-widget-container\">\n\t\t\t\t\t\t\t\t\t<p><i><b>Stan<\/b><span style=\"font-weight: 400;\"> Nieuwenhuis (muzikant, composities), Victor Delafontaine (beeldend kunstenaar) en Koen Van Der Meersche (geluid-, licht-, en videodesign) in De Grote Post in Oostende van 20 tot 30 november 2023.<\/span><\/i><\/p><p><i><span style=\"font-weight: 400;\">Een onderzoek naar de ultieme synergie van verschillende media: muziek, beeld en licht. Hoe kunnen we hedendaagse technologie inzetten zodat alle elementen elkaar aanvullen en ook live nog te be\u00efnvloeden zijn? Met deze live be\u00efnvloeding trachten we niet te mikken op een technisch hoogstandje maar op een versterking van de totaalervaring van de toeschouwer. Het ultieme verlangen is om een voorstelling te cre\u00ebren die het publiek als \u00e9\u00e9n grote audiovisuele trip zal ervaren.\u00a0<\/span><\/i><\/p>\t\t\t\t\t\t\t\t<\/div>\n\t\t\t\t<\/div>\n\t\t\t\t\t<\/div>\n\t\t<\/div>\n\t\t\t\t<div class=\"elementor-column elementor-col-33 elementor-top-column elementor-element elementor-element-c39e662\" data-id=\"c39e662\" data-element_type=\"column\">\n\t\t\t<div class=\"elementor-widget-wrap elementor-element-populated\">\n\t\t\t\t\t\t<div class=\"elementor-element elementor-element-0a9854c elementor-widget elementor-widget-image\" data-id=\"0a9854c\" data-element_type=\"widget\" data-widget_type=\"image.default\">\n\t\t\t\t<div class=\"elementor-widget-container\">\n\t\t\t\t\t\t\t\t\t\t\t\t\t\t\t<img loading=\"lazy\" decoding=\"async\" width=\"2500\" height=\"1600\" src=\"https:\/\/clustermusic.be\/wp-content\/uploads\/2023\/08\/Stan-residentie.jpg\" class=\"attachment-full size-full wp-image-4191\" alt=\"\" srcset=\"https:\/\/clustermusic.be\/wp-content\/uploads\/2023\/08\/Stan-residentie.jpg 2500w, https:\/\/clustermusic.be\/wp-content\/uploads\/2023\/08\/Stan-residentie-300x192.jpg 300w, https:\/\/clustermusic.be\/wp-content\/uploads\/2023\/08\/Stan-residentie-1024x655.jpg 1024w, https:\/\/clustermusic.be\/wp-content\/uploads\/2023\/08\/Stan-residentie-768x492.jpg 768w, https:\/\/clustermusic.be\/wp-content\/uploads\/2023\/08\/Stan-residentie-1536x983.jpg 1536w, https:\/\/clustermusic.be\/wp-content\/uploads\/2023\/08\/Stan-residentie-2048x1311.jpg 2048w, https:\/\/clustermusic.be\/wp-content\/uploads\/2023\/08\/Stan-residentie-18x12.jpg 18w\" sizes=\"(max-width: 2500px) 100vw, 2500px\" \/>\t\t\t\t\t\t\t\t\t\t\t\t\t\t\t<\/div>\n\t\t\t\t<\/div>\n\t\t\t\t\t<\/div>\n\t\t<\/div>\n\t\t\t\t\t<\/div>\n\t\t<\/section>\n\t\t\t\t<section class=\"elementor-section elementor-top-section elementor-element elementor-element-26ac8a7 elementor-section-boxed elementor-section-height-default elementor-section-height-default\" data-id=\"26ac8a7\" data-element_type=\"section\">\n\t\t\t\t\t\t<div class=\"elementor-container elementor-column-gap-default\">\n\t\t\t\t\t<div class=\"elementor-column elementor-col-33 elementor-top-column elementor-element elementor-element-489e70d\" data-id=\"489e70d\" data-element_type=\"column\">\n\t\t\t<div class=\"elementor-widget-wrap elementor-element-populated\">\n\t\t\t\t\t\t<div class=\"elementor-element elementor-element-7702c2c elementor-widget elementor-widget-image\" data-id=\"7702c2c\" data-element_type=\"widget\" data-widget_type=\"image.default\">\n\t\t\t\t<div class=\"elementor-widget-container\">\n\t\t\t\t\t\t\t\t\t\t\t\t\t\t\t<img loading=\"lazy\" decoding=\"async\" width=\"1000\" height=\"1500\" src=\"https:\/\/clustermusic.be\/wp-content\/uploads\/2023\/03\/Cluster-Ananta-Roosens.jpg\" class=\"attachment-full size-full wp-image-3448\" alt=\"Ananta Roosens\" srcset=\"https:\/\/clustermusic.be\/wp-content\/uploads\/2023\/03\/Cluster-Ananta-Roosens.jpg 1000w, https:\/\/clustermusic.be\/wp-content\/uploads\/2023\/03\/Cluster-Ananta-Roosens-200x300.jpg 200w, https:\/\/clustermusic.be\/wp-content\/uploads\/2023\/03\/Cluster-Ananta-Roosens-683x1024.jpg 683w, https:\/\/clustermusic.be\/wp-content\/uploads\/2023\/03\/Cluster-Ananta-Roosens-768x1152.jpg 768w, https:\/\/clustermusic.be\/wp-content\/uploads\/2023\/03\/Cluster-Ananta-Roosens-8x12.jpg 8w\" sizes=\"(max-width: 1000px) 100vw, 1000px\" \/>\t\t\t\t\t\t\t\t\t\t\t\t\t\t\t<\/div>\n\t\t\t\t<\/div>\n\t\t\t\t\t<\/div>\n\t\t<\/div>\n\t\t\t\t<div class=\"elementor-column elementor-col-66 elementor-top-column elementor-element elementor-element-226db4c\" data-id=\"226db4c\" data-element_type=\"column\">\n\t\t\t<div class=\"elementor-widget-wrap elementor-element-populated\">\n\t\t\t\t\t\t<div class=\"elementor-element elementor-element-d1da973 elementor-widget elementor-widget-text-editor\" data-id=\"d1da973\" data-element_type=\"widget\" data-widget_type=\"text-editor.default\">\n\t\t\t\t<div class=\"elementor-widget-container\">\n\t\t\t\t\t\t\t\t\t<p><i><b>Ananta<\/b><span style=\"font-weight: 400;\"> Roosens &amp; Norberto Lobo in De Grote Post januari 2023 + Ananta Roosens &amp; Kaito Winse in De Grote Post maart 2023.\u00a0<\/span><\/i><\/p>\t\t\t\t\t\t\t\t<\/div>\n\t\t\t\t<\/div>\n\t\t\t\t\t<\/div>\n\t\t<\/div>\n\t\t\t\t\t<\/div>\n\t\t<\/section>\n\t\t\t\t<\/div>\n\t\t","protected":false},"excerpt":{"rendered":"<p>Home Cluster Residenties Verken boeiende samenwerkingen tussen muzikanten, kunstenaars en ontwerpers. Ervaar unieke creaties die grenzen verleggen en zintuigen prikkelen in onze inspirerende residenties. CONTACTEER ONS Verken Creatieve Dieptes: Ontdek [&hellip;]<\/p>\n","protected":false},"author":2,"featured_media":0,"parent":0,"menu_order":0,"comment_status":"closed","ping_status":"closed","template":"","meta":{"site-sidebar-layout":"no-sidebar","site-content-layout":"page-builder","ast-site-content-layout":"default","site-content-style":"default","site-sidebar-style":"default","ast-global-header-display":"","ast-banner-title-visibility":"","ast-main-header-display":"","ast-hfb-above-header-display":"","ast-hfb-below-header-display":"","ast-hfb-mobile-header-display":"","site-post-title":"disabled","ast-breadcrumbs-content":"","ast-featured-img":"disabled","footer-sml-layout":"","ast-disable-related-posts":"","theme-transparent-header-meta":"","adv-header-id-meta":"","stick-header-meta":"","header-above-stick-meta":"","header-main-stick-meta":"","header-below-stick-meta":"","astra-migrate-meta-layouts":"default","ast-page-background-enabled":"default","ast-page-background-meta":{"desktop":{"background-color":"var(--ast-global-color-4)","background-image":"","background-repeat":"repeat","background-position":"center center","background-size":"auto","background-attachment":"scroll","background-type":"","background-media":"","overlay-type":"","overlay-color":"","overlay-opacity":"","overlay-gradient":""},"tablet":{"background-color":"","background-image":"","background-repeat":"repeat","background-position":"center center","background-size":"auto","background-attachment":"scroll","background-type":"","background-media":"","overlay-type":"","overlay-color":"","overlay-opacity":"","overlay-gradient":""},"mobile":{"background-color":"","background-image":"","background-repeat":"repeat","background-position":"center center","background-size":"auto","background-attachment":"scroll","background-type":"","background-media":"","overlay-type":"","overlay-color":"","overlay-opacity":"","overlay-gradient":""}},"ast-content-background-meta":{"desktop":{"background-color":"var(--ast-global-color-5)","background-image":"","background-repeat":"repeat","background-position":"center center","background-size":"auto","background-attachment":"scroll","background-type":"","background-media":"","overlay-type":"","overlay-color":"","overlay-opacity":"","overlay-gradient":""},"tablet":{"background-color":"var(--ast-global-color-5)","background-image":"","background-repeat":"repeat","background-position":"center center","background-size":"auto","background-attachment":"scroll","background-type":"","background-media":"","overlay-type":"","overlay-color":"","overlay-opacity":"","overlay-gradient":""},"mobile":{"background-color":"var(--ast-global-color-5)","background-image":"","background-repeat":"repeat","background-position":"center center","background-size":"auto","background-attachment":"scroll","background-type":"","background-media":"","overlay-type":"","overlay-color":"","overlay-opacity":"","overlay-gradient":""}},"footnotes":""},"class_list":["post-2900","page","type-page","status-publish","hentry"],"_links":{"self":[{"href":"https:\/\/clustermusic.be\/nl\/wp-json\/wp\/v2\/pages\/2900","targetHints":{"allow":["GET"]}}],"collection":[{"href":"https:\/\/clustermusic.be\/nl\/wp-json\/wp\/v2\/pages"}],"about":[{"href":"https:\/\/clustermusic.be\/nl\/wp-json\/wp\/v2\/types\/page"}],"author":[{"embeddable":true,"href":"https:\/\/clustermusic.be\/nl\/wp-json\/wp\/v2\/users\/2"}],"replies":[{"embeddable":true,"href":"https:\/\/clustermusic.be\/nl\/wp-json\/wp\/v2\/comments?post=2900"}],"version-history":[{"count":0,"href":"https:\/\/clustermusic.be\/nl\/wp-json\/wp\/v2\/pages\/2900\/revisions"}],"wp:attachment":[{"href":"https:\/\/clustermusic.be\/nl\/wp-json\/wp\/v2\/media?parent=2900"}],"curies":[{"name":"wp","href":"https:\/\/api.w.org\/{rel}","templated":true}]}}